{"id":1309,"date":"2015-12-15T21:24:49","date_gmt":"2015-12-15T21:24:49","guid":{"rendered":"https:\/\/knopp-maschinen.com\/fr\/?post_type=product&#038;p=1309"},"modified":"2015-12-15T21:24:49","modified_gmt":"2015-12-15T21:24:49","slug":"dispositifs-de-circulation-deau-de-refroidissement-u-nass-a1-et-u-nass-a5","status":"publish","type":"product","link":"https:\/\/knopp-maschinen.com\/fr\/shop\/machines-verre\/ponceuse-a-bande-abrasive\/equipments-ponceuse-avec-sans-tables\/dispositifs-de-circulation-deau-de-refroidissement-u-nass-a1-et-u-nass-a5\/","title":{"rendered":"Dispositifs de circulation d&rsquo;eau de refroidissement  U-Nass-A\/1 et U-Nass-A\/5"},"content":{"rendered":"<p>avec d\u00e9p\u00f4t en plastique, avec pompe immerg\u00e9e et armatures.<br \/>\nPour des ponceuses \u00e0 bande abrasive, des tables de per\u00e7age et de sciage.<\/p>\n","protected":false},"excerpt":{"rendered":"<p>avec d\u00e9p\u00f4t en plastique, avec pompe immerg\u00e9e et armatures.<br \/>\nPour des ponceuses \u00e0 bande abrasive, des tables de per\u00e7age et de sciage.<\/p>\n","protected":false},"featured_media":1087,"template":"","meta":[],"product_brand":[],"product_cat":[131],"product_tag":[],"class_list":{"0":"post-1309","1":"product","2":"type-product","3":"status-publish","4":"has-post-thumbnail","6":"product_cat-equipments-ponceuse-avec-sans-tables","8":"first","9":"instock","10":"shipping-taxable","11":"product-type-simple"},"_links":{"self":[{"href":"https:\/\/knopp-maschinen.com\/fr\/wp-json\/wp\/v2\/product\/1309","targetHints":{"allow":["GET"]}}],"collection":[{"href":"https:\/\/knopp-maschinen.com\/fr\/wp-json\/wp\/v2\/product"}],"about":[{"href":"https:\/\/knopp-maschinen.com\/fr\/wp-json\/wp\/v2\/types\/product"}],"wp:featuredmedia":[{"embeddable":true,"href":"https:\/\/knopp-maschinen.com\/fr\/wp-json\/wp\/v2\/media\/1087"}],"wp:attachment":[{"href":"https:\/\/knopp-maschinen.com\/fr\/wp-json\/wp\/v2\/media?parent=1309"}],"wp:term":[{"taxonomy":"product_brand","embeddable":true,"href":"https:\/\/knopp-maschinen.com\/fr\/wp-json\/wp\/v2\/product_brand?post=1309"},{"taxonomy":"product_cat","embeddable":true,"href":"https:\/\/knopp-maschinen.com\/fr\/wp-json\/wp\/v2\/product_cat?post=1309"},{"taxonomy":"product_tag","embeddable":true,"href":"https:\/\/knopp-maschinen.com\/fr\/wp-json\/wp\/v2\/product_tag?post=1309"}],"curies":[{"name":"wp","href":"https:\/\/api.w.org\/{rel}","templated":true}]}}